{"id":85,"date":"2023-11-20T20:19:05","date_gmt":"2023-11-20T20:19:05","guid":{"rendered":"https:\/\/www.fernandodefelipe.com\/home-2\/"},"modified":"2023-12-15T09:39:26","modified_gmt":"2023-12-15T09:39:26","slug":"home-2","status":"publish","type":"page","link":"https:\/\/www.fernandodefelipe.com\/es\/","title":{"rendered":"Home"},"content":{"rendered":"\t\t<div data-elementor-type=\"wp-page\" data-elementor-id=\"85\" class=\"elementor elementor-85\" data-elementor-post-type=\"page\">\n\t\t\t\t<div class=\"elementor-element elementor-element-59156267 e-flex e-con-boxed e-con e-parent\" data-id=\"59156267\" data-element_type=\"container\" data-e-type=\"container\">\n\t\t\t\t\t<div class=\"e-con-inner\">\n\t\t<div class=\"elementor-element elementor-element-71a8dcda e-flex e-con-boxed e-con e-child\" data-id=\"71a8dcda\" data-element_type=\"container\" data-e-type=\"container\">\n\t\t\t\t\t<div class=\"e-con-inner\">\n\t\t\t\t<div class=\"elementor-element elementor-element-579a8c6f animated-slow elementor-invisible elementor-widget elementor-widget-heading\" data-id=\"579a8c6f\" data-element_type=\"widget\" data-e-type=\"widget\" data-settings=\"{&quot;_animation&quot;:&quot;fadeIn&quot;}\" data-no-translation=\"\" data-widget_type=\"heading.default\">\n\t\t\t\t<div class=\"elementor-widget-container\">\n\t\t\t\t\t<style>.elementor-element-579a8c6f{display:none !important}<\/style>\t\t\t\t<\/div>\n\t\t\t\t<\/div>\n\t\t\t\t<div class=\"elementor-element elementor-element-873bd59 animated-slow elementor-invisible elementor-widget elementor-widget-heading\" data-id=\"873bd59\" data-element_type=\"widget\" data-e-type=\"widget\" data-settings=\"{&quot;_animation&quot;:&quot;fadeIn&quot;}\" data-no-translation=\"\" data-widget_type=\"heading.default\">\n\t\t\t\t<div class=\"elementor-widget-container\">\n\t\t\t\t\t<h2 class=\"elementor-heading-title elementor-size-default\">\u00bfAlguna vez te has preguntado c\u00f3mo un peque\u00f1o paso puede desencadenar un viaje incre\u00edble? \u00a1Juntos podemos compartir cada etapa de esta extraordinaria aventura!<\/h2>\t\t\t\t<\/div>\n\t\t\t\t<\/div>\n\t\t\t\t\t<\/div>\n\t\t\t\t<\/div>\n\t\t\t\t<div class=\"elementor-element elementor-element-7f3f8a99 elementor-widget elementor-widget-image-carousel\" data-id=\"7f3f8a99\" data-element_type=\"widget\" data-e-type=\"widget\" data-settings=\"{&quot;slides_to_show&quot;:&quot;1&quot;,&quot;navigation&quot;:&quot;none&quot;,&quot;effect&quot;:&quot;fade&quot;,&quot;autoplay_speed&quot;:2000,&quot;motion_fx_motion_fx_scrolling&quot;:&quot;yes&quot;,&quot;motion_fx_scale_effect&quot;:&quot;yes&quot;,&quot;motion_fx_scale_speed&quot;:{&quot;unit&quot;:&quot;px&quot;,&quot;size&quot;:2,&quot;sizes&quot;:[]},&quot;motion_fx_scale_range&quot;:{&quot;unit&quot;:&quot;%&quot;,&quot;size&quot;:&quot;&quot;,&quot;sizes&quot;:{&quot;start&quot;:50,&quot;end&quot;:100}},&quot;autoplay&quot;:&quot;yes&quot;,&quot;pause_on_hover&quot;:&quot;yes&quot;,&quot;pause_on_interaction&quot;:&quot;yes&quot;,&quot;infinite&quot;:&quot;yes&quot;,&quot;speed&quot;:500,&quot;motion_fx_scale_direction&quot;:&quot;out-in&quot;,&quot;motion_fx_devices&quot;:[&quot;desktop&quot;,&quot;tablet&quot;,&quot;mobile&quot;]}\" data-widget_type=\"image-carousel.default\">\n\t\t\t\t<div class=\"elementor-widget-container\">\n\t\t\t\t\t\t\t<div class=\"elementor-image-carousel-wrapper swiper\" role=\"region\" aria-roledescription=\"carousel\" aria-label=\"Carosello d&#039;immagini\" dir=\"ltr\">\n\t\t\t<div class=\"elementor-image-carousel swiper-wrapper swiper-image-stretch\" aria-live=\"off\">\n\t\t\t\t\t\t\t\t<div class=\"swiper-slide\" role=\"group\" aria-roledescription=\"slide\" aria-label=\"1 di 1\"><figure class=\"swiper-slide-inner\"><img decoding=\"async\" class=\"swiper-slide-image\" src=\"https:\/\/www.fernandodefelipe.com\/wp-content\/uploads\/2023\/11\/collage-fernandodefelipe.jpg\" alt=\"collage-fernandodefelipe\" \/><\/figure><\/div>\t\t\t<\/div>\n\t\t\t\t\t<\/div>\n\t\t\t\t\t\t<\/div>\n\t\t\t\t<\/div>\n\t\t\t\t\t<\/div>\n\t\t\t\t<\/div>\n\t\t<div class=\"elementor-element elementor-element-793fea22 e-flex e-con-boxed e-con e-parent\" data-id=\"793fea22\" data-element_type=\"container\" data-e-type=\"container\">\n\t\t\t\t\t<div class=\"e-con-inner\">\n\t\t<div class=\"elementor-element elementor-element-625c8fa5 e-con-full e-flex e-con e-child\" data-id=\"625c8fa5\" data-element_type=\"container\" data-e-type=\"container\">\n\t\t\t\t<div class=\"elementor-element elementor-element-25bbf93f elementor-widget elementor-widget-heading\" data-id=\"25bbf93f\" data-element_type=\"widget\" data-e-type=\"widget\" data-widget_type=\"heading.default\">\n\t\t\t\t<div class=\"elementor-widget-container\">\n\t\t\t\t\t<h5 class=\"elementor-heading-title elementor-size-default\">Un\u2019altra cosa importante per me:\n\n<\/h5>\t\t\t\t<\/div>\n\t\t\t\t<\/div>\n\t\t\t\t<div class=\"elementor-element elementor-element-37fdb7fb elementor-widget elementor-widget-heading\" data-id=\"37fdb7fb\" data-element_type=\"widget\" data-e-type=\"widget\" data-widget_type=\"heading.default\">\n\t\t\t\t<div class=\"elementor-widget-container\">\n\t\t\t\t\t<h2 class=\"elementor-heading-title elementor-size-default\">Ho una mente aperta, curiosa, un cuore appassionato e pronto ad accogliere.<\/h2>\t\t\t\t<\/div>\n\t\t\t\t<\/div>\n\t\t\t\t<div class=\"elementor-element elementor-element-74d2aef elementor-widget elementor-widget-text-editor\" data-id=\"74d2aef\" data-element_type=\"widget\" data-e-type=\"widget\" data-widget_type=\"text-editor.default\">\n\t\t\t\t<div class=\"elementor-widget-container\">\n\t\t\t\t\t\t\t\t\t<p>Riconosco che i capolavori del design sono il frutto di una moltitudine di elementi, di \u201ccose\u201d che si intrecciano armoniosamente. E quando dico \u201ccose\u201d, intendo veramente qualsiasi forma di ispirazione e contributo che possa dare vita a qualcosa di straordinario.<\/p>\t\t\t\t\t\t\t\t<\/div>\n\t\t\t\t<\/div>\n\t\t\t\t<\/div>\n\t\t<div class=\"elementor-element elementor-element-3efd5deb e-con-full e-flex e-con e-child\" data-id=\"3efd5deb\" data-element_type=\"container\" data-e-type=\"container\">\n\t\t<div class=\"elementor-element elementor-element-3440af1f e-con-full e-flex e-con e-child\" data-id=\"3440af1f\" data-element_type=\"container\" data-e-type=\"container\">\n\t\t\t\t<div class=\"elementor-element elementor-element-4dc9e182 elementor-view-default elementor-position-block-start elementor-mobile-position-block-start elementor-invisible elementor-widget elementor-widget-icon-box\" data-id=\"4dc9e182\" data-element_type=\"widget\" data-e-type=\"widget\" data-settings=\"{&quot;_animation&quot;:&quot;fadeInUp&quot;}\" data-widget_type=\"icon-box.default\">\n\t\t\t\t<div class=\"elementor-widget-container\">\n\t\t\t\t\t\t\t<div class=\"elementor-icon-box-wrapper\">\n\n\t\t\t\t\t\t<div class=\"elementor-icon-box-icon\">\n\t\t\t\t<span  class=\"elementor-icon\">\n\t\t\t\t<svg xmlns=\"http:\/\/www.w3.org\/2000\/svg\" id=\"a00c0f7e-0dc4-4dfc-a840-b38fb3e06f89\" data-name=\"Layer 1\" width=\"94\" height=\"79\" viewBox=\"0 0 94 79\"><path d=\"M32.96,30.33a4.42,4.42,0,1,0-3.82,2.16,4.37,4.37,0,0,0,2.39-.72L47.21,47A1.0047,1.0047,0,0,0,48.6106,45.56Z\" style=\"fill-rule:evenodd\"><\/path><path d=\"M88.2011,16.2769A22.21,22.21,0,0,0,56.7835,14.81L52.5,18.7192,48.2165,14.81a22.21,22.21,0,0,0-30.6084.622L3.76,2H18.05a1,1,0,0,0,0-2H0V18.04a1,1,0,0,0,2,0V3.08L16.2458,16.9083a22.3119,22.3119,0,0,0,2.0174,30.8454L52.5,79,86.7368,47.7537A22.3111,22.3111,0,0,0,88.2011,16.2769Zm-2.8125,30L52.5,76.2923,19.6114,46.2764A20.2626,20.2626,0,0,1,46.8683,16.2871l4.2835,3.9093a2,2,0,0,0,2.6964,0l4.2835-3.9093A20.2626,20.2626,0,0,1,85.3886,46.2764Z\" style=\"fill-rule:evenodd\"><\/path><\/svg>\t\t\t\t<\/span>\n\t\t\t<\/div>\n\t\t\t\n\t\t\t\t\t\t<div class=\"elementor-icon-box-content\">\n\n\t\t\t\t\t\t\t\t\t<h4 class=\"elementor-icon-box-title\">\n\t\t\t\t\t\t<span  >\n\t\t\t\t\t\t\tMentalit\u00e0\t\t\t\t\t\t<\/span>\n\t\t\t\t\t<\/h4>\n\t\t\t\t\n\t\t\t\t\t\t\t\t\t<p class=\"elementor-icon-box-description\">\n\t\t\t\t\t\tAfferro la creativit\u00e0 con una mentalit\u00e0 positiva, trasformando le sfide in opportunit\u00e0 ed elevando ogni progetto con un approccio ottimista e visionario.\t\t\t\t\t<\/p>\n\t\t\t\t\n\t\t\t<\/div>\n\t\t\t\n\t\t<\/div>\n\t\t\t\t\t\t<\/div>\n\t\t\t\t<\/div>\n\t\t\t\t<\/div>\n\t\t<div class=\"elementor-element elementor-element-51f4292c e-con-full e-flex e-con e-child\" data-id=\"51f4292c\" data-element_type=\"container\" data-e-type=\"container\">\n\t\t\t\t<div class=\"elementor-element elementor-element-27d72206 elementor-view-default elementor-position-block-start elementor-mobile-position-block-start elementor-invisible elementor-widget elementor-widget-icon-box\" data-id=\"27d72206\" data-element_type=\"widget\" data-e-type=\"widget\" data-settings=\"{&quot;_animation&quot;:&quot;fadeInLeft&quot;}\" data-widget_type=\"icon-box.default\">\n\t\t\t\t<div class=\"elementor-widget-container\">\n\t\t\t\t\t\t\t<div class=\"elementor-icon-box-wrapper\">\n\n\t\t\t\t\t\t<div class=\"elementor-icon-box-icon\">\n\t\t\t\t<span  class=\"elementor-icon\">\n\t\t\t\t<svg xmlns=\"http:\/\/www.w3.org\/2000\/svg\" id=\"af9ca67b-95be-4f98-9f6f-2a3c9fdcff41\" data-name=\"Layer 1\" width=\"81.3509\" height=\"75.4557\" viewBox=\"0 0 81.3509 75.4557\"><path d=\"M78.9252,22.1966A4.5,4.5,0,1,0,76.8238,30.69c2.9986,13.2136-2.9278,28.21-15.96,36.9757C44.34,78.7806,22.9031,75.5376,12.9226,60.7A30.6173,30.6173,0,0,1,9.1464,34.51c4.8142,1.9311,10.8685,1.7539,16.6905-.4468l.0109.0273q.6289-.2515,1.2652-.5439.5529-.2388,1.1012-.5022l-.0125-.026a33.254,33.254,0,0,0,5.1743-3.2978,28.36,28.36,0,0,0,8.3591-9.8678c1.5464-3.2907,1.902-6.6877.0615-9.07S36.5794,7.886,33.0048,8.551a26.9591,26.9591,0,0,0-9.781,4.2415l-.0011-.0016A39.7647,39.7647,0,0,0,7.986,31.7032a12.1035,12.1035,0,0,1-3.916-3.66C1.6747,24.4823,1.3992,19.89,3.028,15.2672A26.1139,26.1139,0,0,1,13.2317,2.6594,1,1,0,1,0,12.1155,1,28.1054,28.1054,0,0,0,1.1417,14.6025C-.6437,19.67-.4186,24.9537,2.4105,29.16a14.1486,14.1486,0,0,0,4.9113,4.483A32.57,32.57,0,0,0,11.263,61.8158c10.6948,15.9,33.4288,19.1383,50.7167,7.51,13.6576-9.1866,19.9884-24.987,16.7966-39.069a4.5,4.5,0,0,0,.1489-8.06Zm-56.3666-6.48.01.0124a26.3845,26.3845,0,0,1,10.8024-5.2119c3.32-.6176,5.6992.0069,6.8433,1.4879s1.1472,3.9412-.2889,6.9972a26.3857,26.3857,0,0,1-7.7716,9.1356,30.6156,30.6156,0,0,1-5.8766,3.592c-5.9205,2.5524-11.9271,2.7521-16.4927.8681A37.327,37.327,0,0,1,22.5586,15.7168Z\" transform=\"translate(0 -0.8296)\" style=\"fill-rule:evenodd\"><\/path><\/svg>\t\t\t\t<\/span>\n\t\t\t<\/div>\n\t\t\t\n\t\t\t\t\t\t<div class=\"elementor-icon-box-content\">\n\n\t\t\t\t\t\t\t\t\t<h4 class=\"elementor-icon-box-title\">\n\t\t\t\t\t\t<span  >\n\t\t\t\t\t\t\tOpportunit\u00e0\t\t\t\t\t\t<\/span>\n\t\t\t\t\t<\/h4>\n\t\t\t\t\n\t\t\t\t\t\t\t\t\t<p class=\"elementor-icon-box-description\">\n\t\t\t\t\t\tTrasformo ogni progetto in una piattaforma per l'innovazione e l'espressione creativa.\t\t\t\t\t<\/p>\n\t\t\t\t\n\t\t\t<\/div>\n\t\t\t\n\t\t<\/div>\n\t\t\t\t\t\t<\/div>\n\t\t\t\t<\/div>\n\t\t\t\t<\/div>\n\t\t<div class=\"elementor-element elementor-element-4c908533 e-con-full e-flex e-con e-child\" data-id=\"4c908533\" data-element_type=\"container\" data-e-type=\"container\">\n\t\t\t\t<div class=\"elementor-element elementor-element-6e9b4c77 elementor-view-default elementor-position-block-start elementor-mobile-position-block-start elementor-invisible elementor-widget elementor-widget-icon-box\" data-id=\"6e9b4c77\" data-element_type=\"widget\" data-e-type=\"widget\" data-settings=\"{&quot;_animation&quot;:&quot;fadeInRight&quot;}\" data-widget_type=\"icon-box.default\">\n\t\t\t\t<div class=\"elementor-widget-container\">\n\t\t\t\t\t\t\t<div class=\"elementor-icon-box-wrapper\">\n\n\t\t\t\t\t\t<div class=\"elementor-icon-box-icon\">\n\t\t\t\t<span  class=\"elementor-icon\">\n\t\t\t\t<svg xmlns=\"http:\/\/www.w3.org\/2000\/svg\" id=\"bed5885e-0662-429e-ae8c-0b9a8e535c13\" data-name=\"Layer 1\" width=\"91.8547\" height=\"74.6427\" viewBox=\"0 0 91.8547 74.6427\"><path d=\"M90.7044,1.4952a4.5,4.5,0,1,0-.345,6.3547A4.5,4.5,0,0,0,90.7044,1.4952Z\" transform=\"translate(0 0)\"><\/path><path d=\"M61,11.1453a1,1,0,0,0,1,1H75.5877C65.2629,19.8084,61.428,27.2272,56.11,37.5163c-1.74,3.3672-3.64,7.0417-5.9777,11.1328C37.52,70.72,13.5082,72.5605.9954,72.6425A1.0012,1.0012,0,0,0,0,73.6457a.9909.9909,0,0,0,.9949.997c12.5657-.08,37.6686-1.893,50.8733-25.0013,2.4318-4.2555,4.3782-8.0176,6.1389-11.4208C63.4713,27.659,67.1484,20.5517,78,12.8665V28.1453a1,1,0,0,0,2,0v-18H62A1,1,0,0,0,61,11.1453Z\" transform=\"translate(0 0)\"><\/path><\/svg>\t\t\t\t<\/span>\n\t\t\t<\/div>\n\t\t\t\n\t\t\t\t\t\t<div class=\"elementor-icon-box-content\">\n\n\t\t\t\t\t\t\t\t\t<h4 class=\"elementor-icon-box-title\">\n\t\t\t\t\t\t<span  >\n\t\t\t\t\t\t\tSemplicit\u00e0\t\t\t\t\t\t<\/span>\n\t\t\t\t\t<\/h4>\n\t\t\t\t\n\t\t\t\t\t\t\t\t\t<p class=\"elementor-icon-box-description\">\n\t\t\t\t\t\tDove l'eleganza e la chiarezza comunicano in modo impressionante, trasformo la complessit\u00e0 in un'esperienza visiva accessibile.\t\t\t\t\t<\/p>\n\t\t\t\t\n\t\t\t<\/div>\n\t\t\t\n\t\t<\/div>\n\t\t\t\t\t\t<\/div>\n\t\t\t\t<\/div>\n\t\t\t\t<\/div>\n\t\t<div class=\"elementor-element elementor-element-3981527c e-con-full e-flex e-con e-child\" data-id=\"3981527c\" data-element_type=\"container\" data-e-type=\"container\">\n\t\t\t\t<div class=\"elementor-element elementor-element-5a5c39ec elementor-view-default elementor-position-block-start elementor-mobile-position-block-start elementor-invisible elementor-widget elementor-widget-icon-box\" data-id=\"5a5c39ec\" data-element_type=\"widget\" data-e-type=\"widget\" data-settings=\"{&quot;_animation&quot;:&quot;fadeInDown&quot;}\" data-widget_type=\"icon-box.default\">\n\t\t\t\t<div class=\"elementor-widget-container\">\n\t\t\t\t\t\t\t<div class=\"elementor-icon-box-wrapper\">\n\n\t\t\t\t\t\t<div class=\"elementor-icon-box-icon\">\n\t\t\t\t<span  class=\"elementor-icon\">\n\t\t\t\t<svg xmlns=\"http:\/\/www.w3.org\/2000\/svg\" id=\"ba7f2bb4-0985-40b2-89f5-846f3edc52c2\" data-name=\"Layer 1\" width=\"83.1669\" height=\"79.4606\" viewBox=\"0 0 83.1669 79.4606\"><path d=\"M57.3667,51.8579a4.5,4.5,0,1,0,6.3546.345A4.5,4.5,0,0,0,57.3667,51.8579Z\" transform=\"translate(0 0)\" style=\"fill-rule:evenodd\"><\/path><path d=\"M81.739,44.1024,30.33.9368a4,4,0,0,0-5.6355.4912L.9368,29.7228a4,4,0,0,0,.4912,5.6354L52.8369,78.5239a4,4,0,0,0,5.6355-.4912L82.23,49.7378A4,4,0,0,0,81.739,44.1024Zm-1.0405,4.3494L56.9407,76.7466a2,2,0,0,1-2.8177.2456L2.7141,33.8266a2,2,0,0,1-.2457-2.8178L26.2262,2.7141a2,2,0,0,1,2.8177-.2457L80.4529,45.634A2,2,0,0,1,80.6985,48.4518Z\" transform=\"translate(0 0)\" style=\"fill-rule:evenodd\"><\/path><\/svg>\t\t\t\t<\/span>\n\t\t\t<\/div>\n\t\t\t\n\t\t\t\t\t\t<div class=\"elementor-icon-box-content\">\n\n\t\t\t\t\t\t\t\t\t<h4 class=\"elementor-icon-box-title\">\n\t\t\t\t\t\t<span  >\n\t\t\t\t\t\t\tPositivit\u00e0\t\t\t\t\t\t<\/span>\n\t\t\t\t\t<\/h4>\n\t\t\t\t\n\t\t\t\t\t\t\t\t\t<p class=\"elementor-icon-box-description\">\n\t\t\t\t\t\tInfondo energia e ottimismo in ogni dettaglio creativo, ispirando coloro che lo circondano.\t\t\t\t\t<\/p>\n\t\t\t\t\n\t\t\t<\/div>\n\t\t\t\n\t\t<\/div>\n\t\t\t\t\t\t<\/div>\n\t\t\t\t<\/div>\n\t\t\t\t<\/div>\n\t\t\t\t<\/div>\n\t\t\t\t\t<\/div>\n\t\t\t\t<\/div>\n\t\t<div class=\"elementor-element elementor-element-29f40044 e-flex e-con-boxed e-con e-parent\" data-id=\"29f40044\" data-element_type=\"container\" data-e-type=\"container\">\n\t\t\t\t\t<div class=\"e-con-inner\">\n\t\t\t\t<div class=\"elementor-element elementor-element-685af894 elementor-invisible elementor-widget elementor-widget-heading\" data-id=\"685af894\" data-element_type=\"widget\" data-e-type=\"widget\" data-settings=\"{&quot;_animation&quot;:&quot;fadeInUp&quot;}\" data-widget_type=\"heading.default\">\n\t\t\t\t<div class=\"elementor-widget-container\">\n\t\t\t\t\t<h5 class=\"elementor-heading-title elementor-size-default\">LASCIATI Catturare<\/h5>\t\t\t\t<\/div>\n\t\t\t\t<\/div>\n\t\t\t\t<div class=\"elementor-element elementor-element-24e1ed90 elementor-widget elementor-widget-heading\" data-id=\"24e1ed90\" data-element_type=\"widget\" data-e-type=\"widget\" data-widget_type=\"heading.default\">\n\t\t\t\t<div class=\"elementor-widget-container\">\n\t\t\t\t\t<h2 class=\"elementor-heading-title elementor-size-default\">Alcuni progetti<\/h2>\t\t\t\t<\/div>\n\t\t\t\t<\/div>\n\t\t\t\t\t<\/div>\n\t\t\t\t<\/div>\n\t\t<div class=\"elementor-element elementor-element-551f1d83 e-flex e-con-boxed e-con e-parent\" data-id=\"551f1d83\" data-element_type=\"container\" data-e-type=\"container\">\n\t\t\t\t\t<div class=\"e-con-inner\">\n\t\t\t\t<div class=\"elementor-element elementor-element-6a935ac5 elementor-cta--skin-cover elementor-cta--valign-middle elementor-widget__width-initial elementor-widget-mobile__width-inherit elementor-animated-content elementor-bg-transform elementor-bg-transform-zoom-in elementor-widget elementor-widget-call-to-action\" data-id=\"6a935ac5\" data-element_type=\"widget\" data-e-type=\"widget\" data-widget_type=\"call-to-action.default\">\n\t\t\t\t<div class=\"elementor-widget-container\">\n\t\t\t\t\t\t\t<a class=\"elementor-cta\" href=\"https:\/\/www.fernandodefelipe.com\/es\/rum-eleccion\/\">\n\t\t\t\t\t<div class=\"elementor-cta__bg-wrapper\">\n\t\t\t\t<div class=\"elementor-cta__bg elementor-bg\" style=\"background-image: url(https:\/\/www.fernandodefelipe.com\/wp-content\/uploads\/2023\/11\/rum-eleccion.jpg);\" role=\"img\" aria-label=\"rum-eleccion\"><\/div>\n\t\t\t\t<div class=\"elementor-cta__bg-overlay\"><\/div>\n\t\t\t<\/div>\n\t\t\t\t\t\t\t<div class=\"elementor-cta__content\">\n\t\t\t\t\n\t\t\t\t\t\t\t\t\t<h5 class=\"elementor-cta__title elementor-cta__content-item elementor-content-item elementor-animated-item--enter-zoom-in\">\n\t\t\t\t\t\tRum Elecci\u00f3n\t\t\t\t\t<\/h5>\n\t\t\t\t\n\t\t\t\t\n\t\t\t\t\t\t\t<\/div>\n\t\t\t\t\t\t<\/a>\n\t\t\t\t\t\t<\/div>\n\t\t\t\t<\/div>\n\t\t\t\t<div class=\"elementor-element elementor-element-3eb92e5d elementor-cta--skin-cover elementor-cta--valign-middle elementor-widget__width-initial elementor-widget-mobile__width-inherit elementor-animated-content elementor-bg-transform elementor-bg-transform-zoom-in elementor-widget elementor-widget-call-to-action\" data-id=\"3eb92e5d\" data-element_type=\"widget\" data-e-type=\"widget\" data-widget_type=\"call-to-action.default\">\n\t\t\t\t<div class=\"elementor-widget-container\">\n\t\t\t\t\t\t\t<a class=\"elementor-cta\" href=\"https:\/\/www.fernandodefelipe.com\/es\/alsol\/\">\n\t\t\t\t\t<div class=\"elementor-cta__bg-wrapper\">\n\t\t\t\t<div class=\"elementor-cta__bg elementor-bg\" style=\"background-image: url(https:\/\/www.fernandodefelipe.com\/wp-content\/uploads\/2023\/11\/al-sol.jpg);\" role=\"img\" aria-label=\"al-sol\"><\/div>\n\t\t\t\t<div class=\"elementor-cta__bg-overlay\"><\/div>\n\t\t\t<\/div>\n\t\t\t\t\t\t\t<div class=\"elementor-cta__content\">\n\t\t\t\t\n\t\t\t\t\t\t\t\t\t<h5 class=\"elementor-cta__title elementor-cta__content-item elementor-content-item elementor-animated-item--enter-zoom-in\">\n\t\t\t\t\t\tAlsol\t\t\t\t\t<\/h5>\n\t\t\t\t\n\t\t\t\t\n\t\t\t\t\t\t\t<\/div>\n\t\t\t\t\t\t<\/a>\n\t\t\t\t\t\t<\/div>\n\t\t\t\t<\/div>\n\t\t\t\t<div class=\"elementor-element elementor-element-5275a821 elementor-cta--skin-cover elementor-cta--valign-middle elementor-widget__width-initial elementor-widget-mobile__width-inherit elementor-animated-content elementor-bg-transform elementor-bg-transform-zoom-in elementor-widget elementor-widget-call-to-action\" data-id=\"5275a821\" data-element_type=\"widget\" data-e-type=\"widget\" data-widget_type=\"call-to-action.default\">\n\t\t\t\t<div class=\"elementor-widget-container\">\n\t\t\t\t\t\t\t<a class=\"elementor-cta\" href=\"https:\/\/www.fernandodefelipe.com\/es\/vivett\/\">\n\t\t\t\t\t<div class=\"elementor-cta__bg-wrapper\">\n\t\t\t\t<div class=\"elementor-cta__bg elementor-bg\" style=\"background-image: url(https:\/\/www.fernandodefelipe.com\/wp-content\/uploads\/2023\/11\/vivett.jpg);\" role=\"img\" aria-label=\"vivett\"><\/div>\n\t\t\t\t<div class=\"elementor-cta__bg-overlay\"><\/div>\n\t\t\t<\/div>\n\t\t\t\t\t\t\t<div class=\"elementor-cta__content\">\n\t\t\t\t\n\t\t\t\t\t\t\t\t\t<h5 class=\"elementor-cta__title elementor-cta__content-item elementor-content-item elementor-animated-item--enter-zoom-in\">\n\t\t\t\t\t\tVivett\t\t\t\t\t<\/h5>\n\t\t\t\t\n\t\t\t\t\n\t\t\t\t\t\t\t<\/div>\n\t\t\t\t\t\t<\/a>\n\t\t\t\t\t\t<\/div>\n\t\t\t\t<\/div>\n\t\t\t\t<div class=\"elementor-element elementor-element-605174a3 elementor-cta--skin-cover elementor-cta--valign-middle elementor-widget__width-initial elementor-widget-mobile__width-inherit elementor-animated-content elementor-bg-transform elementor-bg-transform-zoom-in elementor-widget elementor-widget-call-to-action\" data-id=\"605174a3\" data-element_type=\"widget\" data-e-type=\"widget\" data-widget_type=\"call-to-action.default\">\n\t\t\t\t<div class=\"elementor-widget-container\">\n\t\t\t\t\t\t\t<a class=\"elementor-cta\" href=\"https:\/\/www.fernandodefelipe.com\/es\/espinela\/\">\n\t\t\t\t\t<div class=\"elementor-cta__bg-wrapper\">\n\t\t\t\t<div class=\"elementor-cta__bg elementor-bg\" style=\"background-image: url(https:\/\/www.fernandodefelipe.com\/wp-content\/uploads\/2023\/11\/espinela.jpg);\" role=\"img\" aria-label=\"espinela\"><\/div>\n\t\t\t\t<div class=\"elementor-cta__bg-overlay\"><\/div>\n\t\t\t<\/div>\n\t\t\t\t\t\t\t<div class=\"elementor-cta__content\">\n\t\t\t\t\n\t\t\t\t\t\t\t\t\t<h5 class=\"elementor-cta__title elementor-cta__content-item elementor-content-item elementor-animated-item--enter-zoom-in\">\n\t\t\t\t\t\tEspinela\t\t\t\t\t<\/h5>\n\t\t\t\t\n\t\t\t\t\n\t\t\t\t\t\t\t<\/div>\n\t\t\t\t\t\t<\/a>\n\t\t\t\t\t\t<\/div>\n\t\t\t\t<\/div>\n\t\t\t\t\t<\/div>\n\t\t\t\t<\/div>\n\t\t\t\t<\/div>\n\t\t","protected":false},"excerpt":{"rendered":"<p>Ti sei mai chiesto come un piccolo passo possa innescare un incredibile viaggio? Insieme possiamo condividere ogni tappa di questa avventura straordinaria! Un\u2019altra cosa importante per me: Ho una mente aperta, curiosa, un cuore appassionato e pronto ad accogliere. Riconosco che i capolavori del design sono il frutto di una moltitudine di elementi, di \u201ccose\u201d [&hellip;]<\/p>\n","protected":false},"author":1,"featured_media":0,"parent":0,"menu_order":1,"comment_status":"closed","ping_status":"closed","template":"elementor_header_footer","meta":{"footnotes":""},"class_list":["post-85","page","type-page","status-publish","hentry"],"_links":{"self":[{"href":"https:\/\/www.fernandodefelipe.com\/es\/wp-json\/wp\/v2\/pages\/85","targetHints":{"allow":["GET"]}}],"collection":[{"href":"https:\/\/www.fernandodefelipe.com\/es\/wp-json\/wp\/v2\/pages"}],"about":[{"href":"https:\/\/www.fernandodefelipe.com\/es\/wp-json\/wp\/v2\/types\/page"}],"author":[{"embeddable":true,"href":"https:\/\/www.fernandodefelipe.com\/es\/wp-json\/wp\/v2\/users\/1"}],"replies":[{"embeddable":true,"href":"https:\/\/www.fernandodefelipe.com\/es\/wp-json\/wp\/v2\/comments?post=85"}],"version-history":[{"count":82,"href":"https:\/\/www.fernandodefelipe.com\/es\/wp-json\/wp\/v2\/pages\/85\/revisions"}],"predecessor-version":[{"id":437,"href":"https:\/\/www.fernandodefelipe.com\/es\/wp-json\/wp\/v2\/pages\/85\/revisions\/437"}],"wp:attachment":[{"href":"https:\/\/www.fernandodefelipe.com\/es\/wp-json\/wp\/v2\/media?parent=85"}],"curies":[{"name":"wp","href":"https:\/\/api.w.org\/{rel}","templated":true}]}}